{"id":12,"date":"2019-03-17T18:02:01","date_gmt":"2019-03-17T17:02:01","guid":{"rendered":"http:\/\/www.jenius.cz\/?page_id=12"},"modified":"2019-06-08T10:44:42","modified_gmt":"2019-06-08T08:44:42","slug":"uvod","status":"publish","type":"page","link":"http:\/\/www.jenius.cz\/","title":{"rendered":"V\u00edtejte na Jenius.cz"},"content":{"rendered":"\n<p><b>\nNa t\u011bchto str\u00e1nk\u00e1ch se budu zab\u00fdvat tvorbou utilit pro OS Windows. D\u00e1le se zab\u00fdv\u00e1m servisem IT.\n<\/b>\n<\/p>\n<br>\n<hr size=\"3\" color=\"yellow\">\n<br>\n<p>\n<a href=\"http:\/\/www.rv-soft.net\" target=\"_new\" title=\"RV-SOFT Technology&reg;, servis pro va\u0161e strojn\u00ed a IT vybaven\u00ed.\" rel=\"noopener noreferrer\">\n<img decoding=\"async\" src=\"http:\/\/www.rv-soft.net\/banner.88x31.png\" alt=\"RV-SOFT Technology, servis.\" border=\"0\"><\/a>\n\n<a href=\"http:\/\/www.zachrana-it.cz\" target=\"_new\" title=\"Zachrana-IT, opravy elektroniky, IT a pr\u016fmyslov\u00e9 techniky.\" rel=\"noopener noreferrer\">\n<img decoding=\"async\" src=\"http:\/\/www.zachrana-it.cz\/banner.88x31.png\" alt=\"Zachrana-IT, servis elektroniky.\" border=\"0\"><\/a>\n\n<a href=\"http:\/\/www.vavra-revize.cz\" target=\"_new\" title=\"Radim Axel V\u00e1vra, mont\u00e1\u017ee, servis, revize elektro, EPS, EZS, EVS, SKS a CCTV.\" rel=\"noopener noreferrer\">\n<img decoding=\"async\" src=\"http:\/\/www.vavra-revize.cz\/banner.88x31.png\" alt=\"Radim Axel Vavra, revize elektro.\" border=\"0\"><\/a>\n\n<a href=\"http:\/\/www.alarmy-vavra.cz\" target=\"_new\" title=\"Radim Axel V\u00e1vra, zabezpe\u010dovac\u00ed syst\u00e9my, ochrana majetku a osob.\" rel=\"noopener noreferrer\">\n<img decoding=\"async\" src=\"http:\/\/www.rv-soft.net\/alarmy\/banner.88x31.png\" alt=\"Radim Axel Vavra, EPS\/EZS alarmy.\" border=\"0\"><\/a>\n","protected":false},"excerpt":{"rendered":"<p>Na t\u011bchto str\u00e1nk\u00e1ch se budu zab\u00fdvat tvorbou utilit pro OS Windows. D\u00e1le se zab\u00fdv\u00e1m servisem IT.<\/p>\n","protected":false},"author":1,"featured_media":0,"parent":0,"menu_order":0,"comment_status":"closed","ping_status":"closed","template":"","meta":{"footnotes":""},"class_list":["post-12","page","type-page","status-publish","hentry"],"_links":{"self":[{"href":"http:\/\/www.jenius.cz\/index.php?rest_route=\/wp\/v2\/pages\/12","targetHints":{"allow":["GET"]}}],"collection":[{"href":"http:\/\/www.jenius.cz\/index.php?rest_route=\/wp\/v2\/pages"}],"about":[{"href":"http:\/\/www.jenius.cz\/index.php?rest_route=\/wp\/v2\/types\/page"}],"author":[{"embeddable":true,"href":"http:\/\/www.jenius.cz\/index.php?rest_route=\/wp\/v2\/users\/1"}],"replies":[{"embeddable":true,"href":"http:\/\/www.jenius.cz\/index.php?rest_route=%2Fwp%2Fv2%2Fcomments&post=12"}],"version-history":[{"count":23,"href":"http:\/\/www.jenius.cz\/index.php?rest_route=\/wp\/v2\/pages\/12\/revisions"}],"predecessor-version":[{"id":117,"href":"http:\/\/www.jenius.cz\/index.php?rest_route=\/wp\/v2\/pages\/12\/revisions\/117"}],"wp:attachment":[{"href":"http:\/\/www.jenius.cz\/index.php?rest_route=%2Fwp%2Fv2%2Fmedia&parent=12"}],"curies":[{"name":"wp","href":"https:\/\/api.w.org\/{rel}","templated":true}]}}